{"id":120,"date":"2020-03-05T16:35:22","date_gmt":"2020-03-05T16:35:22","guid":{"rendered":"http:\/\/oome-tilles-hues.de\/?page_id=120"},"modified":"2020-03-05T16:35:27","modified_gmt":"2020-03-05T16:35:27","slug":"lage","status":"publish","type":"page","link":"http:\/\/oome-tilles-hues.de\/?page_id=120","title":{"rendered":"Lage"},"content":{"rendered":"<p>[et_pb_section fb_built=&#8220;1&#8243; fullwidth=&#8220;on&#8220; _builder_version=&#8220;4.3.4&#8243;][et_pb_fullwidth_image src=&#8220;http:\/\/oome-tilles-hues.de\/wp-content\/uploads\/2020\/02\/headder.jpg&#8220; _builder_version=&#8220;4.3.4&#8243;][\/et_pb_fullwidth_image][\/et_pb_section][et_pb_section fb_built=&#8220;1&#8243; _builder_version=&#8220;4.3.4&#8243; background_color=&#8220;#84cec5&#8243;][et_pb_row column_structure=&#8220;2_5,3_5&#8243; _builder_version=&#8220;4.3.4&#8243; background_size=&#8220;initial&#8220; background_position=&#8220;top_left&#8220; background_repeat=&#8220;repeat&#8220; custom_padding=&#8220;|||9px||&#8220;][et_pb_column type=&#8220;2_5&#8243; _builder_version=&#8220;3.25&#8243; custom_padding=&#8220;|||&#8220; custom_padding__hover=&#8220;|||&#8220;][et_pb_text _builder_version=&#8220;4.3.4&#8243; hover_enabled=&#8220;0&#8243;]<\/p>\n<p><strong>Lage<\/strong><\/p>\n<p>Ruhig am Ortsrand gelegen, werden hier die richtigen Voraussetzungen f\u00fcr einen erholamen Urlaub geschaffen.<\/p>\n<p>B\u00e4cker, Kaufmann, Bushaltestelle und eine gute Auswahl an Caf\u00e9s und Restaurants befinden sich in unmittelbarer N\u00e4he.<\/p>\n<p>Zum Norddorfer Badestrand laufen Sie ca. 15 Minuten.<\/p>\n<p>[\/et_pb_text][\/et_pb_column][et_pb_column type=&#8220;3_5&#8243; _builder_version=&#8220;3.25&#8243; custom_padding=&#8220;|||&#8220; custom_padding__hover=&#8220;|||&#8220;][et_pb_code _builder_version=&#8220;4.3.4&#8243; hover_enabled=&#8220;0&#8243;]<iframe loading=\"lazy\" width=\"100%\" height=\"500\" frameborder=\"0\" scrolling=\"no\" marginheight=\"0\" marginwidth=\"0\" src=\"https:\/\/www.openstreetmap.org\/export\/embed.html?bbox=8.326145410537722%2C54.67610147068541%2C8.348997831344606%2C54.683166518810104&amp;layer=mapnik&amp;marker=54.679634148433266%2C8.337571620941162\" style=\"border: 1px solid black\"><\/iframe><br \/><small><a href=\"https:\/\/www.openstreetmap.org\/?mlat=54.67963&amp;mlon=8.33757#map=17\/54.67963\/8.33757\">Gr\u00f6\u00dfere Karte anzeigen<\/a><\/small>[\/et_pb_code][\/et_pb_column][\/et_pb_row][\/et_pb_section]<\/p>\n","protected":false},"excerpt":{"rendered":"<p>[et_pb_section fb_built=&#8220;1&#8243; fullwidth=&#8220;on&#8220; _builder_version=&#8220;4.3.4&#8243;][et_pb_fullwidth_image src=&#8220;http:\/\/oome-tilles-hues.de\/wp-content\/uploads\/2020\/02\/headder.jpg&#8220; _builder_version=&#8220;4.3.4&#8243;][\/et_pb_fullwidth_image][\/et_pb_section][et_pb_section fb_built=&#8220;1&#8243; _builder_version=&#8220;4.3.4&#8243; background_color=&#8220;#84cec5&#8243;][et_pb_row column_structure=&#8220;2_5,3_5&#8243; _builder_version=&#8220;4.3.4&#8243; background_size=&#8220;initial&#8220; background_position=&#8220;top_left&#8220; background_repeat=&#8220;repeat&#8220; custom_padding=&#8220;|||9px||&#8220;][et_pb_column type=&#8220;2_5&#8243; _builder_version=&#8220;3.25&#8243; custom_padding=&#8220;|||&#8220; custom_padding__hover=&#8220;|||&#8220;][et_pb_text _builder_version=&#8220;4.3.4&#8243; hover_enabled=&#8220;0&#8243;] Lage Ruhig am Ortsrand gelegen, werden hier die richtigen Voraussetzungen f\u00fcr einen erholamen Urlaub geschaffen. B\u00e4cker, Kaufmann, Bushaltestelle und eine gute Auswahl an Caf\u00e9s und Restaurants befinden sich in unmittelbarer N\u00e4he. Zum Norddorfer Badestrand [&hellip;]<\/p>\n","protected":false},"author":1,"featured_media":0,"parent":0,"menu_order":0,"comment_status":"closed","ping_status":"closed","template":"","meta":{"_et_pb_use_builder":"on","_et_pb_old_content":"This is an example page. It's different from a blog post because it will stay in one place and will show up in your site navigation (in most themes). Most people start with an About page that introduces them to potential site visitors. It might say something like this:\n<blockquote>Hi there! I'm a bike messenger by day, aspiring actor by night, and this is my website. I live in Los Angeles, have a great dog named Jack, and I like pi\u00f1a coladas. (And gettin' caught in the rain.)<\/blockquote>\n...or something like this:\n<blockquote>The XYZ Doohickey Company was founded in 1971, and has been providing quality doohickeys to the public ever since. Located in Gotham City, XYZ employs over 2,000 people and does all kinds of awesome things for the Gotham community.<\/blockquote>\nAs a new WordPress user, you should go to <a href=\"http:\/\/oome-tilles-hues.de\/wp-admin\/\">your dashboard<\/a> to delete this page and create new pages for your content. Have fun!","_et_gb_content_width":""},"_links":{"self":[{"href":"http:\/\/oome-tilles-hues.de\/index.php?rest_route=\/wp\/v2\/pages\/120"}],"collection":[{"href":"http:\/\/oome-tilles-hues.de\/index.php?rest_route=\/wp\/v2\/pages"}],"about":[{"href":"http:\/\/oome-tilles-hues.de\/index.php?rest_route=\/wp\/v2\/types\/page"}],"author":[{"embeddable":true,"href":"http:\/\/oome-tilles-hues.de\/index.php?rest_route=\/wp\/v2\/users\/1"}],"replies":[{"embeddable":true,"href":"http:\/\/oome-tilles-hues.de\/index.php?rest_route=%2Fwp%2Fv2%2Fcomments&post=120"}],"version-history":[{"count":2,"href":"http:\/\/oome-tilles-hues.de\/index.php?rest_route=\/wp\/v2\/pages\/120\/revisions"}],"predecessor-version":[{"id":123,"href":"http:\/\/oome-tilles-hues.de\/index.php?rest_route=\/wp\/v2\/pages\/120\/revisions\/123"}],"wp:attachment":[{"href":"http:\/\/oome-tilles-hues.de\/index.php?rest_route=%2Fwp%2Fv2%2Fmedia&parent=120"}],"curies":[{"name":"wp","href":"https:\/\/api.w.org\/{rel}","templated":true}]}}