{"id":2,"date":"2016-05-10T03:48:21","date_gmt":"2016-05-10T03:48:21","guid":{"rendered":"http:\/\/oome-tilles-hues.de\/?page_id=2"},"modified":"2022-03-21T13:01:46","modified_gmt":"2022-03-21T13:01:46","slug":"sample-page","status":"publish","type":"page","link":"http:\/\/oome-tilles-hues.de\/","title":{"rendered":"Startseite"},"content":{"rendered":"<p>[et_pb_section fb_built=&#8220;1&#8243; fullwidth=&#8220;on&#8220; _builder_version=&#8220;4.3.4&#8243;][et_pb_fullwidth_image src=&#8220;http:\/\/oome-tilles-hues.de\/wp-content\/uploads\/2020\/02\/headder.jpg&#8220; _builder_version=&#8220;4.3.4&#8243;][\/et_pb_fullwidth_image][\/et_pb_section][et_pb_section fb_built=&#8220;1&#8243; _builder_version=&#8220;4.3.4&#8243; background_color=&#8220;#84cec5&#8243;][et_pb_row _builder_version=&#8220;4.3.4&#8243; background_size=&#8220;initial&#8220; background_position=&#8220;top_left&#8220; background_repeat=&#8220;repeat&#8220;][et_pb_column type=&#8220;4_4&#8243; _builder_version=&#8220;3.25&#8243; custom_padding=&#8220;|||&#8220; custom_padding__hover=&#8220;|||&#8220;][et_pb_text _builder_version=&#8220;4.3.4&#8243; background_size=&#8220;initial&#8220; background_position=&#8220;top_left&#8220; background_repeat=&#8220;repeat&#8220; custom_padding=&#8220;||0px|||&#8220;]<\/p>\n<div id=\"navibox\"><\/div>\n<div id=\"textbox\">\n<p><strong>Willkommen auf unserer Website&#8230;<\/strong><\/p>\n<p>&#8222;Oome Tilles H\u00fcs&#8220; liegt in Norddorf &#8211; ganz im Norden auf der sch\u00f6nen Insel Amrum.<\/p>\n<p>In &#8222;Oome Tilles H\u00fcs&#8220; warten 5 frisch renovierte Ferienwohnungen auf Sie. Von 2 &#8211; 5 Personen und von 30 &#8211; 120 qm ist alles dabei.<\/p>\n<p>Freuen Sie sich auf einen entspannten Urlaub an einem der sch\u00f6nsten Pl\u00e4tze Deutschlands&#8230;<\/p>\n<p>Familie Stephanie Prinzler und Jens Fabian<\/p>\n<\/div>\n<p>[\/et_pb_text][\/et_pb_column][\/et_pb_row][\/et_pb_section]<\/p>\n","protected":false},"excerpt":{"rendered":"<p>[et_pb_section fb_built=&#8220;1&#8243; fullwidth=&#8220;on&#8220; _builder_version=&#8220;4.3.4&#8243;][et_pb_fullwidth_image src=&#8220;http:\/\/oome-tilles-hues.de\/wp-content\/uploads\/2020\/02\/headder.jpg&#8220; _builder_version=&#8220;4.3.4&#8243;][\/et_pb_fullwidth_image][\/et_pb_section][et_pb_section fb_built=&#8220;1&#8243; _builder_version=&#8220;4.3.4&#8243; background_color=&#8220;#84cec5&#8243;][et_pb_row _builder_version=&#8220;4.3.4&#8243; background_size=&#8220;initial&#8220; background_position=&#8220;top_left&#8220; background_repeat=&#8220;repeat&#8220;][et_pb_column type=&#8220;4_4&#8243; _builder_version=&#8220;3.25&#8243; custom_padding=&#8220;|||&#8220; custom_padding__hover=&#8220;|||&#8220;][et_pb_text _builder_version=&#8220;4.3.4&#8243; background_size=&#8220;initial&#8220; background_position=&#8220;top_left&#8220; background_repeat=&#8220;repeat&#8220; custom_padding=&#8220;||0px|||&#8220;] Willkommen auf unserer Website&#8230; &#8222;Oome Tilles H\u00fcs&#8220; liegt in Norddorf &#8211; ganz im Norden auf der sch\u00f6nen Insel Amrum. In &#8222;Oome Tilles H\u00fcs&#8220; warten 5 frisch renovierte Ferienwohnungen auf Sie. Von 2 &#8211; [&hellip;]<\/p>\n","protected":false},"author":1,"featured_media":0,"parent":0,"menu_order":0,"comment_status":"closed","ping_status":"closed","template":"","meta":{"_et_pb_use_builder":"on","_et_pb_old_content":"This is an example page. It's different from a blog post because it will stay in one place and will show up in your site navigation (in most themes). Most people start with an About page that introduces them to potential site visitors. It might say something like this:\n<blockquote>Hi there! I'm a bike messenger by day, aspiring actor by night, and this is my website. I live in Los Angeles, have a great dog named Jack, and I like pi\u00f1a coladas. (And gettin' caught in the rain.)<\/blockquote>\n...or something like this:\n<blockquote>The XYZ Doohickey Company was founded in 1971, and has been providing quality doohickeys to the public ever since. Located in Gotham City, XYZ employs over 2,000 people and does all kinds of awesome things for the Gotham community.<\/blockquote>\nAs a new WordPress user, you should go to <a href=\"http:\/\/oome-tilles-hues.de\/wp-admin\/\">your dashboard<\/a> to delete this page and create new pages for your content. Have fun!","_et_gb_content_width":""},"_links":{"self":[{"href":"http:\/\/oome-tilles-hues.de\/index.php?rest_route=\/wp\/v2\/pages\/2"}],"collection":[{"href":"http:\/\/oome-tilles-hues.de\/index.php?rest_route=\/wp\/v2\/pages"}],"about":[{"href":"http:\/\/oome-tilles-hues.de\/index.php?rest_route=\/wp\/v2\/types\/page"}],"author":[{"embeddable":true,"href":"http:\/\/oome-tilles-hues.de\/index.php?rest_route=\/wp\/v2\/users\/1"}],"replies":[{"embeddable":true,"href":"http:\/\/oome-tilles-hues.de\/index.php?rest_route=%2Fwp%2Fv2%2Fcomments&post=2"}],"version-history":[{"count":8,"href":"http:\/\/oome-tilles-hues.de\/index.php?rest_route=\/wp\/v2\/pages\/2\/revisions"}],"predecessor-version":[{"id":142,"href":"http:\/\/oome-tilles-hues.de\/index.php?rest_route=\/wp\/v2\/pages\/2\/revisions\/142"}],"wp:attachment":[{"href":"http:\/\/oome-tilles-hues.de\/index.php?rest_route=%2Fwp%2Fv2%2Fmedia&parent=2"}],"curies":[{"name":"wp","href":"https:\/\/api.w.org\/{rel}","templated":true}]}}